{"id":38,"date":"2017-01-18T14:36:00","date_gmt":"2017-01-18T13:36:00","guid":{"rendered":"http:\/\/domnaskale.com.pl\/?page_id=38"},"modified":"2020-11-11T18:09:45","modified_gmt":"2020-11-11T17:09:45","slug":"38-2","status":"publish","type":"page","link":"https:\/\/domnaskale.com.pl\/","title":{"rendered":"HOME"},"content":{"rendered":"<p>Stowarzyszenie &#8222;Dom na Skale&#8221; powsta\u0142o w 2013 roku. Zrzesza grup\u0119 katolik\u00f3w, kt\u00f3rzy w r\u00f3\u017cny spos\u00f3b\u00a0 wspieraj\u0105 ewangelizacj\u0119, s\u0142u\u017c\u0105 innym organizuj\u0105c konferencje, spotkania, obozy dla dzieci i wczasy z Bibli\u0105.<\/p>\n<p>W czasie 7 lat dzia\u0142alno\u015bci Stowarzyszenia zrealizowali\u015bmy nast\u0119puj\u0105ce projekty:<\/p>\n<ul>\n<li>3 konferencje dla kobiet<\/li>\n<li>2 konferencje dla ma\u0142\u017ce\u0144stw<\/li>\n<li>przez 2 lata prowadzili\u015bmy zaj\u0119cia dla ojc\u00f3w w Zak\u0142adzie Karnym w Dzier\u017coniowie<\/li>\n<li>2 obozy letnie dla dzieci wsp\u00f3lnie z ameryka\u0144sk\u0105 organizacj\u0105 katolick\u0105 &#8222;Journal Emmaus&#8221;<\/li>\n<li>ewangelizacyjne spotkania przed\u015bwi\u0105teczne<\/li>\n<li>8 turnus\u00f3w wczas\u00f3w z Bibli\u0105<\/li>\n<\/ul>\n","protected":false},"excerpt":{"rendered":"<p>Stowarzyszenie &#8222;Dom na Skale&#8221; powsta\u0142o w 2013 roku. Zrzesza grup\u0119 katolik\u00f3w, kt\u00f3rzy w r\u00f3\u017cny spos\u00f3b\u00a0 wspieraj\u0105 ewangelizacj\u0119, s\u0142u\u017c\u0105 innym organizuj\u0105c konferencje, spotkania, obozy dla dzieci i wczasy z Bibli\u0105. W czasie 7 lat dzia\u0142alno\u015bci Stowarzyszenia zrealizowali\u015bmy nast\u0119puj\u0105ce projekty: 3 konferencje&hellip; <\/p>\n","protected":false},"author":1,"featured_media":0,"parent":0,"menu_order":0,"comment_status":"closed","ping_status":"closed","template":"","meta":[],"_links":{"self":[{"href":"https:\/\/domnaskale.com.pl\/index.php\/wp-json\/wp\/v2\/pages\/38"}],"collection":[{"href":"https:\/\/domnaskale.com.pl\/index.php\/wp-json\/wp\/v2\/pages"}],"about":[{"href":"https:\/\/domnaskale.com.pl\/index.php\/wp-json\/wp\/v2\/types\/page"}],"author":[{"embeddable":true,"href":"https:\/\/domnaskale.com.pl\/index.php\/wp-json\/wp\/v2\/users\/1"}],"replies":[{"embeddable":true,"href":"https:\/\/domnaskale.com.pl\/index.php\/wp-json\/wp\/v2\/comments?post=38"}],"version-history":[{"count":24,"href":"https:\/\/domnaskale.com.pl\/index.php\/wp-json\/wp\/v2\/pages\/38\/revisions"}],"predecessor-version":[{"id":193,"href":"https:\/\/domnaskale.com.pl\/index.php\/wp-json\/wp\/v2\/pages\/38\/revisions\/193"}],"wp:attachment":[{"href":"https:\/\/domnaskale.com.pl\/index.php\/wp-json\/wp\/v2\/media?parent=38"}],"curies":[{"name":"wp","href":"https:\/\/api.w.org\/{rel}","templated":true}]}}