{"id":83,"date":"2017-02-01T13:40:22","date_gmt":"2017-02-01T12:40:22","guid":{"rendered":"http:\/\/domnaskale.com.pl\/?page_id=83"},"modified":"2026-02-04T09:31:36","modified_gmt":"2026-02-04T08:31:36","slug":"wczasy-z-biblia","status":"publish","type":"page","link":"https:\/\/domnaskale.com.pl\/index.php\/wczasy-z-biblia\/","title":{"rendered":"WCZASY Z BIBLI\u0104 2026"},"content":{"rendered":"<h1 style=\"text-align: center;\"><span style=\"color: #808000;\"><b>WCZASY Z BIBLI\u0104 2026<\/b><\/span><\/h1>\n<p style=\"text-align: center;\"><b>MRZE\u017bYNO\u00a0 \u00a0 \u00a0 \u00a030 MAJ &#8211; 6 CZERWIEC 2026<\/b><\/p>\n<p><b>\u00a0\u00a0\u00a0\u00a0\u00a0\u00a0\u00a0\u00a0\u00a0<\/b><\/p>\n<h2 style=\"text-align: center;\">\u201eMi\u0119dzy s\u0142owami. O tym, jak B\u00f3g nas szuka\u201d<\/h2>\n<p>To niesamowite, jak bardzo bohaterowie \u015bw. Jana s\u0105 do nas podobni \u2013 w ich historiach odkrywamy, \u017ce nasze pragnienia s\u0105 wa\u017cne i zawsze aktualne. Spotkamy tam Nikodema, kt\u00f3ry szuka\u0142 odpowiedzi na trudne pytania, kobiet\u0119 przy studni, kt\u00f3ra marzy\u0142a o akceptacji, i uczni\u00f3w, kt\u00f3rzy po prostu chcieli poczu\u0107 si\u0119 przy Jezusie jak w domu.<\/p>\n<p>Zapraszamy Ci\u0119 na <strong>nadmorski pobyt<\/strong>, podczas kt\u00f3rego nie b\u0119dziemy analizowa\u0107 skomplikowanych definicji lecz przy szumie fal tak jak uczniowie nad Jeziorem Galilejskim po prostu usi\u0105dziemy i pos\u0142uchamy, co Jezus chce powiedzie\u0107 Tobie \u2013 tu i teraz.<\/p>\n<p>Pojed\u017a: z pytaniami, z baga\u017cem zm\u0119czenia albo po prostu z czyst\u0105 ciekawo\u015bci\u0105. Pozw\u00f3l sobie na czas, w kt\u00f3rym jedynym Twoim zadaniem b\u0119dzie\u2026 by\u0107.<\/p>\n<p>Wczasy prowadz\u0105 diakon Wojciech i Iwona D\u0105browscy<\/p>\n<p>Duszpasterzem b\u0119dzie \u00a0ks. dr Tomasz Czernik.<\/p>\n<p>O o\u015brodku:<\/p>\n<p>Nadmorski O\u015brodek Rekolekcyjny po\u0142o\u017cony jest z zacisznym miejscu Mrze\u017cyna. Wzd\u0142u\u017c granicy rozci\u0105ga si\u0119 nadmorski las, kt\u00f3ry przecina \u015br\u00f3dle\u015bna promenada. Na ogrodzonym terenie opr\u00f3cz Domu Rekolekcyjnego, znajduje si\u0119 tak\u017ce budynek szkoleniowo -konferencyjny oraz zabytkowy ko\u015bci\u00f3\u0142 parafialny. Jest parking dla go\u015bci oraz miejsce na wsp\u00f3lne ognisko lub grill. W o\u015brodku jest winda.<\/p>\n<p>Cena zawiera: noclegi, 3 posi\u0142ki dziennie, opcjonalnie transport autokarem.<\/p>\n<p>Rozpoczynamy 30 maja obiadem. Ko\u0144czymy ostatniego dnia r\u00f3wnie\u017c obiadem.<\/p>\n<p><b>Miejsce: NADMORSKI O\u015aRODEK REKOLEKCYJNY W MRZE\u017bYNIE<\/b><\/p>\n<p>\u00a0<\/p>\n<p>Wszystkie pokoje posiadaj\u0105 \u0142azienki.\u00a0 Osoby przyje\u017cd\u017caj\u0105ce w pojedynk\u0119 mieszkaj\u0105 w dwie, trzy osoby.\u00a0<\/p>\n<p><b>Cena wczas\u00f3w:<\/b><\/p>\n<p>dla obu poni\u017cszych opcji nocleg i 3 posi\u0142ki dziennie<\/p>\n<ul>\n<li>1820 z\u0142 z dojazdem autokarem ( trasa autokaru: Wa\u0142brzych, Jawor, Z\u0142otoryja, Legnica)<\/li>\n<li>1560 z\u0142 z dojazdem we w\u0142asnym zakresie<\/li>\n<\/ul>\n<p><a href=\"http:\/\/domnaskale.com.pl\/wp-content\/uploads\/2022\/04\/regulamin-wczasow2022.pdf\"><span style=\"color: #ff0000;\">REGULAMIN WCZAS\u00d3W<\/span><\/a><\/p>\n<h2>Zapisy\u00a0 telefonicznie 577 676 845<\/h2>\n<p>Konto do wp\u0142aty na wczasy:<\/p>\n<p>29 1090 2590 0000 0001 3196 5065<br \/><strong>STOWARZYSZENIE &#8222;DOM NA SKALE&#8221; UL.SENATORSKA 17\/10 58-316 WA\u0141BRZYCH<\/strong><\/p>\n<p>tytu\u0142em: morze 2026 imi\u0119 i nazwisko<\/p>\n<p><b>\u00a0\u00a0\u00a0\u00a0\u00a0\u00a0\u00a0\u00a0\u00a0\u00a0 <\/b><\/p>\n\n\n<figure class=\"wp-block-gallery columns-0 is-cropped\"><ul class=\"blocks-gallery-grid\"><li class=\"blocks-gallery-item\"><figure><img loading=\"lazy\" width=\"605\" height=\"414\" src=\"https:\/\/domnaskale.com.pl\/wp-content\/uploads\/2026\/02\/Obraz2.jpg\" alt=\"\" data-id=\"1954\" data-full-url=\"https:\/\/domnaskale.com.pl\/wp-content\/uploads\/2026\/02\/Obraz2.jpg\" data-link=\"https:\/\/domnaskale.com.pl\/index.php\/wczasy-z-biblia\/obraz2\/\" class=\"wp-image-1954\" srcset=\"https:\/\/domnaskale.com.pl\/wp-content\/uploads\/2026\/02\/Obraz2.jpg 605w, https:\/\/domnaskale.com.pl\/wp-content\/uploads\/2026\/02\/Obraz2-300x205.jpg 300w\" sizes=\"(max-width: 605px) 100vw, 605px\" \/><\/figure><\/li><li class=\"blocks-gallery-item\"><figure><img loading=\"lazy\" width=\"605\" height=\"387\" src=\"https:\/\/domnaskale.com.pl\/wp-content\/uploads\/2026\/02\/Obraz1.jpg\" alt=\"\" data-id=\"1955\" data-full-url=\"https:\/\/domnaskale.com.pl\/wp-content\/uploads\/2026\/02\/Obraz1.jpg\" data-link=\"https:\/\/domnaskale.com.pl\/index.php\/wczasy-z-biblia\/obraz1\/\" class=\"wp-image-1955\" srcset=\"https:\/\/domnaskale.com.pl\/wp-content\/uploads\/2026\/02\/Obraz1.jpg 605w, https:\/\/domnaskale.com.pl\/wp-content\/uploads\/2026\/02\/Obraz1-300x192.jpg 300w\" sizes=\"(max-width: 605px) 100vw, 605px\" \/><\/figure><\/li><li class=\"blocks-gallery-item\"><figure><img loading=\"lazy\" width=\"1024\" height=\"705\" src=\"https:\/\/domnaskale.com.pl\/wp-content\/uploads\/2026\/02\/NDR_www-19-1024x705.jpg\" alt=\"\" data-id=\"1956\" data-full-url=\"https:\/\/domnaskale.com.pl\/wp-content\/uploads\/2026\/02\/NDR_www-19.jpg\" data-link=\"https:\/\/domnaskale.com.pl\/index.php\/wczasy-z-biblia\/ndr_www-19\/\" class=\"wp-image-1956\" srcset=\"https:\/\/domnaskale.com.pl\/wp-content\/uploads\/2026\/02\/NDR_www-19-1024x705.jpg 1024w, https:\/\/domnaskale.com.pl\/wp-content\/uploads\/2026\/02\/NDR_www-19-300x207.jpg 300w, https:\/\/domnaskale.com.pl\/wp-content\/uploads\/2026\/02\/NDR_www-19-768x529.jpg 768w, https:\/\/domnaskale.com.pl\/wp-content\/uploads\/2026\/02\/NDR_www-19-1536x1058.jpg 1536w, https:\/\/domnaskale.com.pl\/wp-content\/uploads\/2026\/02\/NDR_www-19.jpg 1920w\" sizes=\"(max-width: 1024px) 100vw, 1024px\" \/><\/figure><\/li><li class=\"blocks-gallery-item\"><figure><img loading=\"lazy\" width=\"1024\" height=\"683\" src=\"https:\/\/domnaskale.com.pl\/wp-content\/uploads\/2026\/02\/NDR_www-17-1024x683.jpg\" alt=\"\" data-id=\"1957\" data-full-url=\"https:\/\/domnaskale.com.pl\/wp-content\/uploads\/2026\/02\/NDR_www-17.jpg\" data-link=\"https:\/\/domnaskale.com.pl\/index.php\/wczasy-z-biblia\/ndr_www-17\/\" class=\"wp-image-1957\" srcset=\"https:\/\/domnaskale.com.pl\/wp-content\/uploads\/2026\/02\/NDR_www-17-1024x683.jpg 1024w, https:\/\/domnaskale.com.pl\/wp-content\/uploads\/2026\/02\/NDR_www-17-300x200.jpg 300w, https:\/\/domnaskale.com.pl\/wp-content\/uploads\/2026\/02\/NDR_www-17-768x512.jpg 768w, https:\/\/domnaskale.com.pl\/wp-content\/uploads\/2026\/02\/NDR_www-17-1536x1024.jpg 1536w, https:\/\/domnaskale.com.pl\/wp-content\/uploads\/2026\/02\/NDR_www-17.jpg 1920w\" sizes=\"(max-width: 1024px) 100vw, 1024px\" \/><\/figure><\/li><li class=\"blocks-gallery-item\"><figure><img loading=\"lazy\" width=\"1024\" height=\"579\" src=\"https:\/\/domnaskale.com.pl\/wp-content\/uploads\/2026\/02\/NDR_www-14-1024x579.jpg\" alt=\"\" data-id=\"1958\" data-full-url=\"https:\/\/domnaskale.com.pl\/wp-content\/uploads\/2026\/02\/NDR_www-14.jpg\" data-link=\"https:\/\/domnaskale.com.pl\/index.php\/wczasy-z-biblia\/ndr_www-14\/\" class=\"wp-image-1958\" srcset=\"https:\/\/domnaskale.com.pl\/wp-content\/uploads\/2026\/02\/NDR_www-14-1024x579.jpg 1024w, https:\/\/domnaskale.com.pl\/wp-content\/uploads\/2026\/02\/NDR_www-14-300x170.jpg 300w, https:\/\/domnaskale.com.pl\/wp-content\/uploads\/2026\/02\/NDR_www-14-768x434.jpg 768w, https:\/\/domnaskale.com.pl\/wp-content\/uploads\/2026\/02\/NDR_www-14-1536x868.jpg 1536w, https:\/\/domnaskale.com.pl\/wp-content\/uploads\/2026\/02\/NDR_www-14.jpg 1920w\" sizes=\"(max-width: 1024px) 100vw, 1024px\" \/><\/figure><\/li><li class=\"blocks-gallery-item\"><figure><img loading=\"lazy\" width=\"1024\" height=\"683\" src=\"https:\/\/domnaskale.com.pl\/wp-content\/uploads\/2026\/02\/NDR_www-38-1024x683.jpg\" alt=\"\" data-id=\"1959\" data-full-url=\"https:\/\/domnaskale.com.pl\/wp-content\/uploads\/2026\/02\/NDR_www-38.jpg\" data-link=\"https:\/\/domnaskale.com.pl\/index.php\/wczasy-z-biblia\/ndr_www-38\/\" class=\"wp-image-1959\" srcset=\"https:\/\/domnaskale.com.pl\/wp-content\/uploads\/2026\/02\/NDR_www-38-1024x683.jpg 1024w, https:\/\/domnaskale.com.pl\/wp-content\/uploads\/2026\/02\/NDR_www-38-300x200.jpg 300w, https:\/\/domnaskale.com.pl\/wp-content\/uploads\/2026\/02\/NDR_www-38-768x512.jpg 768w, https:\/\/domnaskale.com.pl\/wp-content\/uploads\/2026\/02\/NDR_www-38-1536x1024.jpg 1536w, https:\/\/domnaskale.com.pl\/wp-content\/uploads\/2026\/02\/NDR_www-38.jpg 1920w\" sizes=\"(max-width: 1024px) 100vw, 1024px\" \/><\/figure><\/li><li class=\"blocks-gallery-item\"><figure><img loading=\"lazy\" width=\"1024\" height=\"692\" src=\"https:\/\/domnaskale.com.pl\/wp-content\/uploads\/2026\/02\/NDR_www-35-1024x692.jpg\" alt=\"\" data-id=\"1960\" data-full-url=\"https:\/\/domnaskale.com.pl\/wp-content\/uploads\/2026\/02\/NDR_www-35.jpg\" data-link=\"https:\/\/domnaskale.com.pl\/index.php\/wczasy-z-biblia\/ndr_www-35\/\" class=\"wp-image-1960\" srcset=\"https:\/\/domnaskale.com.pl\/wp-content\/uploads\/2026\/02\/NDR_www-35-1024x692.jpg 1024w, https:\/\/domnaskale.com.pl\/wp-content\/uploads\/2026\/02\/NDR_www-35-300x203.jpg 300w, https:\/\/domnaskale.com.pl\/wp-content\/uploads\/2026\/02\/NDR_www-35-768x519.jpg 768w, https:\/\/domnaskale.com.pl\/wp-content\/uploads\/2026\/02\/NDR_www-35-1536x1038.jpg 1536w, https:\/\/domnaskale.com.pl\/wp-content\/uploads\/2026\/02\/NDR_www-35.jpg 1920w\" sizes=\"(max-width: 1024px) 100vw, 1024px\" \/><\/figure><\/li><li class=\"blocks-gallery-item\"><figure><img loading=\"lazy\" width=\"1024\" height=\"683\" src=\"https:\/\/domnaskale.com.pl\/wp-content\/uploads\/2026\/02\/NDR-7-scaled-1-1024x683.jpg\" alt=\"\" data-id=\"1961\" data-full-url=\"https:\/\/domnaskale.com.pl\/wp-content\/uploads\/2026\/02\/NDR-7-scaled-1.jpg\" data-link=\"https:\/\/domnaskale.com.pl\/index.php\/wczasy-z-biblia\/ndr-7-scaled-1\/\" class=\"wp-image-1961\" srcset=\"https:\/\/domnaskale.com.pl\/wp-content\/uploads\/2026\/02\/NDR-7-scaled-1-1024x683.jpg 1024w, https:\/\/domnaskale.com.pl\/wp-content\/uploads\/2026\/02\/NDR-7-scaled-1-300x200.jpg 300w, https:\/\/domnaskale.com.pl\/wp-content\/uploads\/2026\/02\/NDR-7-scaled-1-768x512.jpg 768w, https:\/\/domnaskale.com.pl\/wp-content\/uploads\/2026\/02\/NDR-7-scaled-1-1536x1024.jpg 1536w, https:\/\/domnaskale.com.pl\/wp-content\/uploads\/2026\/02\/NDR-7-scaled-1-2048x1366.jpg 2048w\" sizes=\"(max-width: 1024px) 100vw, 1024px\" \/><\/figure><\/li><li class=\"blocks-gallery-item\"><figure><img loading=\"lazy\" width=\"1024\" height=\"683\" src=\"https:\/\/domnaskale.com.pl\/wp-content\/uploads\/2026\/02\/NDR_www-6-1024x683.jpg\" alt=\"\" data-id=\"1962\" data-full-url=\"https:\/\/domnaskale.com.pl\/wp-content\/uploads\/2026\/02\/NDR_www-6.jpg\" data-link=\"https:\/\/domnaskale.com.pl\/index.php\/wczasy-z-biblia\/ndr_www-6\/\" class=\"wp-image-1962\" srcset=\"https:\/\/domnaskale.com.pl\/wp-content\/uploads\/2026\/02\/NDR_www-6-1024x683.jpg 1024w, https:\/\/domnaskale.com.pl\/wp-content\/uploads\/2026\/02\/NDR_www-6-300x200.jpg 300w, https:\/\/domnaskale.com.pl\/wp-content\/uploads\/2026\/02\/NDR_www-6-768x512.jpg 768w, https:\/\/domnaskale.com.pl\/wp-content\/uploads\/2026\/02\/NDR_www-6-1536x1024.jpg 1536w, https:\/\/domnaskale.com.pl\/wp-content\/uploads\/2026\/02\/NDR_www-6.jpg 1920w\" sizes=\"(max-width: 1024px) 100vw, 1024px\" \/><\/figure><\/li><li class=\"blocks-gallery-item\"><figure><img loading=\"lazy\" width=\"1024\" height=\"683\" src=\"https:\/\/domnaskale.com.pl\/wp-content\/uploads\/2026\/02\/NDR_www-2-1024x683.jpg\" alt=\"\" data-id=\"1963\" data-full-url=\"https:\/\/domnaskale.com.pl\/wp-content\/uploads\/2026\/02\/NDR_www-2.jpg\" data-link=\"https:\/\/domnaskale.com.pl\/index.php\/wczasy-z-biblia\/ndr_www-2\/\" class=\"wp-image-1963\" srcset=\"https:\/\/domnaskale.com.pl\/wp-content\/uploads\/2026\/02\/NDR_www-2-1024x683.jpg 1024w, https:\/\/domnaskale.com.pl\/wp-content\/uploads\/2026\/02\/NDR_www-2-300x200.jpg 300w, https:\/\/domnaskale.com.pl\/wp-content\/uploads\/2026\/02\/NDR_www-2-768x512.jpg 768w, https:\/\/domnaskale.com.pl\/wp-content\/uploads\/2026\/02\/NDR_www-2-1536x1024.jpg 1536w, https:\/\/domnaskale.com.pl\/wp-content\/uploads\/2026\/02\/NDR_www-2.jpg 1920w\" sizes=\"(max-width: 1024px) 100vw, 1024px\" \/><\/figure><\/li><li class=\"blocks-gallery-item\"><figure><img loading=\"lazy\" width=\"1024\" height=\"683\" src=\"https:\/\/domnaskale.com.pl\/wp-content\/uploads\/2026\/02\/NDR_www-9-1024x683.jpg\" alt=\"\" data-id=\"1964\" data-full-url=\"https:\/\/domnaskale.com.pl\/wp-content\/uploads\/2026\/02\/NDR_www-9.jpg\" data-link=\"https:\/\/domnaskale.com.pl\/index.php\/wczasy-z-biblia\/ndr_www-9\/\" class=\"wp-image-1964\" srcset=\"https:\/\/domnaskale.com.pl\/wp-content\/uploads\/2026\/02\/NDR_www-9-1024x683.jpg 1024w, https:\/\/domnaskale.com.pl\/wp-content\/uploads\/2026\/02\/NDR_www-9-300x200.jpg 300w, https:\/\/domnaskale.com.pl\/wp-content\/uploads\/2026\/02\/NDR_www-9-768x512.jpg 768w, https:\/\/domnaskale.com.pl\/wp-content\/uploads\/2026\/02\/NDR_www-9-1536x1024.jpg 1536w, https:\/\/domnaskale.com.pl\/wp-content\/uploads\/2026\/02\/NDR_www-9.jpg 1920w\" sizes=\"(max-width: 1024px) 100vw, 1024px\" \/><\/figure><\/li><li class=\"blocks-gallery-item\"><figure><img loading=\"lazy\" width=\"1024\" height=\"683\" src=\"https:\/\/domnaskale.com.pl\/wp-content\/uploads\/2026\/02\/NDR_www-25-1024x683.jpg\" alt=\"\" data-id=\"1965\" data-full-url=\"https:\/\/domnaskale.com.pl\/wp-content\/uploads\/2026\/02\/NDR_www-25.jpg\" data-link=\"https:\/\/domnaskale.com.pl\/index.php\/wczasy-z-biblia\/ndr_www-25\/\" class=\"wp-image-1965\" srcset=\"https:\/\/domnaskale.com.pl\/wp-content\/uploads\/2026\/02\/NDR_www-25-1024x683.jpg 1024w, https:\/\/domnaskale.com.pl\/wp-content\/uploads\/2026\/02\/NDR_www-25-300x200.jpg 300w, https:\/\/domnaskale.com.pl\/wp-content\/uploads\/2026\/02\/NDR_www-25-768x512.jpg 768w, https:\/\/domnaskale.com.pl\/wp-content\/uploads\/2026\/02\/NDR_www-25-1536x1024.jpg 1536w, https:\/\/domnaskale.com.pl\/wp-content\/uploads\/2026\/02\/NDR_www-25.jpg 1920w\" sizes=\"(max-width: 1024px) 100vw, 1024px\" \/><\/figure><\/li><li class=\"blocks-gallery-item\"><figure><img loading=\"lazy\" width=\"1024\" height=\"683\" src=\"https:\/\/domnaskale.com.pl\/wp-content\/uploads\/2026\/02\/NDR-8-scaled-1-1024x683.jpg\" alt=\"\" data-id=\"1966\" data-full-url=\"https:\/\/domnaskale.com.pl\/wp-content\/uploads\/2026\/02\/NDR-8-scaled-1.jpg\" data-link=\"https:\/\/domnaskale.com.pl\/index.php\/wczasy-z-biblia\/ndr-8-scaled-1\/\" class=\"wp-image-1966\" srcset=\"https:\/\/domnaskale.com.pl\/wp-content\/uploads\/2026\/02\/NDR-8-scaled-1-1024x683.jpg 1024w, https:\/\/domnaskale.com.pl\/wp-content\/uploads\/2026\/02\/NDR-8-scaled-1-300x200.jpg 300w, https:\/\/domnaskale.com.pl\/wp-content\/uploads\/2026\/02\/NDR-8-scaled-1-768x512.jpg 768w, https:\/\/domnaskale.com.pl\/wp-content\/uploads\/2026\/02\/NDR-8-scaled-1-1536x1024.jpg 1536w, https:\/\/domnaskale.com.pl\/wp-content\/uploads\/2026\/02\/NDR-8-scaled-1-2048x1366.jpg 2048w\" sizes=\"(max-width: 1024px) 100vw, 1024px\" \/><\/figure><\/li><li class=\"blocks-gallery-item\"><figure><img loading=\"lazy\" width=\"1024\" height=\"683\" src=\"https:\/\/domnaskale.com.pl\/wp-content\/uploads\/2026\/02\/NDR-scaled-1-1024x683.jpg\" alt=\"\" data-id=\"1967\" data-full-url=\"https:\/\/domnaskale.com.pl\/wp-content\/uploads\/2026\/02\/NDR-scaled-1.jpg\" data-link=\"https:\/\/domnaskale.com.pl\/index.php\/wczasy-z-biblia\/ndr-scaled-1\/\" class=\"wp-image-1967\" srcset=\"https:\/\/domnaskale.com.pl\/wp-content\/uploads\/2026\/02\/NDR-scaled-1-1024x683.jpg 1024w, https:\/\/domnaskale.com.pl\/wp-content\/uploads\/2026\/02\/NDR-scaled-1-300x200.jpg 300w, https:\/\/domnaskale.com.pl\/wp-content\/uploads\/2026\/02\/NDR-scaled-1-768x512.jpg 768w, https:\/\/domnaskale.com.pl\/wp-content\/uploads\/2026\/02\/NDR-scaled-1-1536x1024.jpg 1536w, https:\/\/domnaskale.com.pl\/wp-content\/uploads\/2026\/02\/NDR-scaled-1-2048x1366.jpg 2048w\" sizes=\"(max-width: 1024px) 100vw, 1024px\" \/><\/figure><\/li><li class=\"blocks-gallery-item\"><figure><img loading=\"lazy\" width=\"1024\" height=\"683\" src=\"https:\/\/domnaskale.com.pl\/wp-content\/uploads\/2026\/02\/NDR-4-scaled-1-1024x683.jpg\" alt=\"\" data-id=\"1968\" data-full-url=\"https:\/\/domnaskale.com.pl\/wp-content\/uploads\/2026\/02\/NDR-4-scaled-1.jpg\" data-link=\"https:\/\/domnaskale.com.pl\/index.php\/wczasy-z-biblia\/ndr-4-scaled-1\/\" class=\"wp-image-1968\" srcset=\"https:\/\/domnaskale.com.pl\/wp-content\/uploads\/2026\/02\/NDR-4-scaled-1-1024x683.jpg 1024w, https:\/\/domnaskale.com.pl\/wp-content\/uploads\/2026\/02\/NDR-4-scaled-1-300x200.jpg 300w, https:\/\/domnaskale.com.pl\/wp-content\/uploads\/2026\/02\/NDR-4-scaled-1-768x512.jpg 768w, https:\/\/domnaskale.com.pl\/wp-content\/uploads\/2026\/02\/NDR-4-scaled-1-1536x1024.jpg 1536w, https:\/\/domnaskale.com.pl\/wp-content\/uploads\/2026\/02\/NDR-4-scaled-1-2048x1366.jpg 2048w\" sizes=\"(max-width: 1024px) 100vw, 1024px\" \/><\/figure><\/li><\/ul><\/figure>\n","protected":false},"excerpt":{"rendered":"<p>WCZASY Z BIBLI\u0104 2026 MRZE\u017bYNO\u00a0 \u00a0 \u00a0 \u00a030 MAJ &#8211; 6 CZERWIEC 2026 \u00a0\u00a0\u00a0\u00a0\u00a0\u00a0\u00a0\u00a0\u00a0 \u201eMi\u0119dzy s\u0142owami. O tym, jak B\u00f3g nas szuka\u201d To niesamowite, jak bardzo bohaterowie \u015bw. Jana s\u0105 do nas podobni \u2013 w ich historiach odkrywamy, \u017ce nasze&hellip; <\/p>\n","protected":false},"author":1,"featured_media":0,"parent":0,"menu_order":0,"comment_status":"closed","ping_status":"closed","template":"","meta":[],"_links":{"self":[{"href":"https:\/\/domnaskale.com.pl\/index.php\/wp-json\/wp\/v2\/pages\/83"}],"collection":[{"href":"https:\/\/domnaskale.com.pl\/index.php\/wp-json\/wp\/v2\/pages"}],"about":[{"href":"https:\/\/domnaskale.com.pl\/index.php\/wp-json\/wp\/v2\/types\/page"}],"author":[{"embeddable":true,"href":"https:\/\/domnaskale.com.pl\/index.php\/wp-json\/wp\/v2\/users\/1"}],"replies":[{"embeddable":true,"href":"https:\/\/domnaskale.com.pl\/index.php\/wp-json\/wp\/v2\/comments?post=83"}],"version-history":[{"count":41,"href":"https:\/\/domnaskale.com.pl\/index.php\/wp-json\/wp\/v2\/pages\/83\/revisions"}],"predecessor-version":[{"id":1969,"href":"https:\/\/domnaskale.com.pl\/index.php\/wp-json\/wp\/v2\/pages\/83\/revisions\/1969"}],"wp:attachment":[{"href":"https:\/\/domnaskale.com.pl\/index.php\/wp-json\/wp\/v2\/media?parent=83"}],"curies":[{"name":"wp","href":"https:\/\/api.w.org\/{rel}","templated":true}]}}